{"id":1646,"date":"2021-09-16T18:10:36","date_gmt":"2021-09-16T18:10:36","guid":{"rendered":"https:\/\/the7.io\/consulting\/?page_id=1646"},"modified":"2022-06-06T17:07:26","modified_gmt":"2022-06-06T17:07:26","slug":"articles","status":"publish","type":"page","link":"https:\/\/www.oqs-ec.com\/en\/articles\/","title":{"rendered":"News"},"content":{"rendered":"<div data-elementor-type=\"wp-page\" data-elementor-id=\"1646\" class=\"elementor elementor-1646\" data-elementor-post-type=\"page\">\n\t\t\t\t\t\t<section class=\"elementor-section elementor-top-section elementor-element elementor-element-f786690 elementor-section-boxed elementor-section-height-default elementor-section-height-default\" data-id=\"f786690\" data-element_type=\"section\" data-settings=\"{&quot;background_background&quot;:&quot;classic&quot;}\">\n\t\t\t\t\t\t<div class=\"elementor-container elementor-column-gap-wider\">\n\t\t\t\t\t<div class=\"elementor-column elementor-col-100 elementor-top-column elementor-element elementor-element-2cfd46f\" data-id=\"2cfd46f\" data-element_type=\"column\">\n\t\t\t<div class=\"elementor-widget-wrap elementor-element-populated\">\n\t\t\t\t\t\t<div class=\"elementor-element elementor-element-48b79f1 img-align-top img-align-mobile-top image-vertical-align-center slide-h-position-center icon-box-vertical-align-top preserve-img-ratio-cover elementor-widget elementor-widget-the7-elements-simple-posts\" data-id=\"48b79f1\" data-element_type=\"widget\" data-widget_type=\"the7-elements-simple-posts.default\">\n\t\t\t\t<div class=\"elementor-widget-container\">\n\t\t\t<div class=\"the7-simple-widget-posts the7-elementor-widget the7-elements-simple-posts-48b79f1 jquery-filter jquery-filter\" data-post-limit=\"-1\" data-pagination-mode=\"none\" data-scroll-offset=\"\">\t\t\t<div class=\"dt-css-grid custom-pagination-handler\" data-columns=\"{&quot;d&quot;:3,&quot;t&quot;:2,&quot;p&quot;:1,&quot;wd&quot;:&quot;&quot;}\">\n\t\t\t\t\t\t\t\t\t<div class=\"wf-cell visible\">\n\t\t\t\t\t\t<article class=\"post visible wrapper post-210 type-post status-publish format-standard has-post-thumbnail hentry category-uncategorized\">\n\n\t\t\t\t\t\t\t<div class=\"post-content-wrapper\">\n\t\t\t\t\t\t\t\t\t\t\t\t\t\t\t\t\t<div class=\"the7-simple-post-thumb\">\n\t\t\t\t\t\t\t\t\t\t<a class=\"post-thumbnail-rollover layzr-bg img-css-resize-wrapper\" aria-label=\"Post image\" href=\"https:\/\/www.oqs-ec.com\/en\/2022\/06\/27\/post003\/\"><img fetchpriority=\"high\" decoding=\"async\" width=\"1488\" height=\"919\" src=\"data:image\/svg+xml,%3Csvg%20xmlns%3D&#039;http%3A%2F%2Fwww.w3.org%2F2000%2Fsvg&#039;%20viewBox%3D&#039;0%200%201488%20919&#039;%2F%3E\" class=\"attachment-full size-full preload-me aspect lazy lazy-load\" alt=\"\" sizes=\"(max-width: 1488px) 100vw, 1488px\" style=\"--ratio: 1488 \/ 919;\" data-src=\"https:\/\/www.oqs-ec.com\/wp-content\/uploads\/2020\/02\/feria.webp\" loading=\"eager\" data-srcset=\"https:\/\/www.oqs-ec.com\/wp-content\/uploads\/2020\/02\/feria.webp 1488w, https:\/\/www.oqs-ec.com\/wp-content\/uploads\/2020\/02\/feria-300x185.webp 300w, https:\/\/www.oqs-ec.com\/wp-content\/uploads\/2020\/02\/feria-1024x632.webp 1024w, https:\/\/www.oqs-ec.com\/wp-content\/uploads\/2020\/02\/feria-768x474.webp 768w\" \/><span class=\"the7-hover-icon\"><\/span><\/a>\t\t\t\t\t\t\t\t\t<\/div>\n\t\t\t\t\t\t\t\t\t\t\t\t\t\t\t\t<div class=\"post-entry-content\">\n\t\t\t\t\t\t\t\t\t<h5 class=\"heading\"><a href=\"https:\/\/www.oqs-ec.com\/en\/2022\/06\/27\/post003\/\" rel=\"bookmark\" title=\"OQS successfully participated in the Floriexpo 2022 fair in Miami\" class=\"post-title\">OQS successfully participated in the Floriexpo 2022 fair in Miami<\/a><\/h5><div class=\"entry-meta\"><a href=\"https:\/\/www.oqs-ec.com\/en\/2022\/06\/27\/\" title=\"5:25 pm\" class=\"meta-item data-link\" rel=\"bookmark\"><time class=\"entry-date updated\" datetime=\"2022-06-27T17:25:50-05:00\">June 27, 2022<\/time><\/a><\/div><p class=\"short-description\">After the pandemic, the expectation for this year was not very high but we didn\u2019t lose\nfaith; however, the buyers arrived and the fair was a complete success. Vendors from\naround the world were pleasantly surprised by the high traffic of attendees.<\/p><a href=\"https:\/\/www.oqs-ec.com\/en\/2022\/06\/27\/post003\/\" target=\"\" aria-label=\"Read more about OQS particip\u00f3 exitosamente en la feria Floriexpo 2022 en Miami\" class=\"box-button elementor-button elementor-size-sm\">Read more<\/a>\t\t\t\t\t\t\t\t<\/div>\n\t\t\t\t\t\t\t<\/div>\n\t\t\t\t\t\t<\/article>\n\t\t\t\t\t<\/div>\t\t\t\t\t\t\t\t\t\t<div class=\"wf-cell visible\">\n\t\t\t\t\t\t<article class=\"post visible wrapper post-208 type-post status-publish format-standard has-post-thumbnail hentry category-uncategorized\">\n\n\t\t\t\t\t\t\t<div class=\"post-content-wrapper\">\n\t\t\t\t\t\t\t\t\t\t\t\t\t\t\t\t\t<div class=\"the7-simple-post-thumb\">\n\t\t\t\t\t\t\t\t\t\t<a class=\"post-thumbnail-rollover layzr-bg img-css-resize-wrapper\" aria-label=\"Post image\" href=\"https:\/\/www.oqs-ec.com\/en\/2022\/06\/16\/post22\/\"><img decoding=\"async\" width=\"902\" height=\"697\" src=\"data:image\/svg+xml,%3Csvg%20xmlns%3D&#039;http%3A%2F%2Fwww.w3.org%2F2000%2Fsvg&#039;%20viewBox%3D&#039;0%200%20902%20697&#039;%2F%3E\" class=\"attachment-full size-full preload-me aspect lazy lazy-load\" alt=\"\" sizes=\"(max-width: 902px) 100vw, 902px\" style=\"--ratio: 902 \/ 697;\" data-src=\"https:\/\/www.oqs-ec.com\/wp-content\/uploads\/2022\/06\/avion.jpg\" loading=\"eager\" data-srcset=\"https:\/\/www.oqs-ec.com\/wp-content\/uploads\/2022\/06\/avion.jpg 902w, https:\/\/www.oqs-ec.com\/wp-content\/uploads\/2022\/06\/avion-300x232.jpg 300w, https:\/\/www.oqs-ec.com\/wp-content\/uploads\/2022\/06\/avion-768x593.jpg 768w\" \/><span class=\"the7-hover-icon\"><\/span><\/a>\t\t\t\t\t\t\t\t\t<\/div>\n\t\t\t\t\t\t\t\t\t\t\t\t\t\t\t\t<div class=\"post-entry-content\">\n\t\t\t\t\t\t\t\t\t<h5 class=\"heading\"><a href=\"https:\/\/www.oqs-ec.com\/en\/2022\/06\/16\/post22\/\" rel=\"bookmark\" title=\"Main flower species exported\" class=\"post-title\">Main flower species exported<\/a><\/h5><div class=\"entry-meta\"><a href=\"https:\/\/www.oqs-ec.com\/en\/2022\/06\/16\/\" title=\"10:52 pm\" class=\"meta-item data-link\" rel=\"bookmark\"><time class=\"entry-date updated\" datetime=\"2022-06-16T22:52:36-05:00\">June 16, 2022<\/time><\/a><\/div><p class=\"short-description\">Until March 2022, 74% of flower exports are concentrated in roses, this behavior\nplaces Ecuador in the second largest exporter worldwide.<\/p><a href=\"https:\/\/www.oqs-ec.com\/en\/2022\/06\/16\/post22\/\" target=\"\" aria-label=\"Read more about Principales especies de flores exportadas\" class=\"box-button elementor-button elementor-size-sm\">Read more<\/a>\t\t\t\t\t\t\t\t<\/div>\n\t\t\t\t\t\t\t<\/div>\n\t\t\t\t\t\t<\/article>\n\t\t\t\t\t<\/div>\t\t\t\t\t\t\t\t\t\t<div class=\"wf-cell visible\">\n\t\t\t\t\t\t<article class=\"post visible wrapper post-785 type-post status-publish format-standard has-post-thumbnail hentry category-uncategorized\">\n\n\t\t\t\t\t\t\t<div class=\"post-content-wrapper\">\n\t\t\t\t\t\t\t\t\t\t\t\t\t\t\t\t\t<div class=\"the7-simple-post-thumb\">\n\t\t\t\t\t\t\t\t\t\t<a class=\"post-thumbnail-rollover layzr-bg img-css-resize-wrapper\" aria-label=\"Post image\" href=\"https:\/\/www.oqs-ec.com\/en\/2022\/06\/04\/post001\/\"><img decoding=\"async\" width=\"1920\" height=\"1080\" src=\"data:image\/svg+xml,%3Csvg%20xmlns%3D&#039;http%3A%2F%2Fwww.w3.org%2F2000%2Fsvg&#039;%20viewBox%3D&#039;0%200%201920%201080&#039;%2F%3E\" class=\"attachment-full size-full preload-me aspect lazy lazy-load\" alt=\"\" sizes=\"(max-width: 1920px) 100vw, 1920px\" style=\"--ratio: 1920 \/ 1080;\" data-src=\"https:\/\/www.oqs-ec.com\/wp-content\/uploads\/2022\/06\/VideoCapture_20220615-224606.jpg\" loading=\"eager\" data-srcset=\"https:\/\/www.oqs-ec.com\/wp-content\/uploads\/2022\/06\/VideoCapture_20220615-224606.jpg 1920w, https:\/\/www.oqs-ec.com\/wp-content\/uploads\/2022\/06\/VideoCapture_20220615-224606-300x169.jpg 300w, https:\/\/www.oqs-ec.com\/wp-content\/uploads\/2022\/06\/VideoCapture_20220615-224606-1024x576.jpg 1024w, https:\/\/www.oqs-ec.com\/wp-content\/uploads\/2022\/06\/VideoCapture_20220615-224606-768x432.jpg 768w, https:\/\/www.oqs-ec.com\/wp-content\/uploads\/2022\/06\/VideoCapture_20220615-224606-1536x864.jpg 1536w\" \/><span class=\"the7-hover-icon\"><\/span><\/a>\t\t\t\t\t\t\t\t\t<\/div>\n\t\t\t\t\t\t\t\t\t\t\t\t\t\t\t\t<div class=\"post-entry-content\">\n\t\t\t\t\t\t\t\t\t<h5 class=\"heading\"><a href=\"https:\/\/www.oqs-ec.com\/en\/2022\/06\/04\/post001\/\" rel=\"bookmark\" title=\"Thermal fogging\" class=\"post-title\">Thermal fogging<\/a><\/h5><div class=\"entry-meta\"><a href=\"https:\/\/www.oqs-ec.com\/en\/2022\/06\/04\/\" title=\"12:56 pm\" class=\"meta-item data-link\" rel=\"bookmark\"><time class=\"entry-date updated\" datetime=\"2022-06-04T12:56:00-05:00\">June 4, 2022<\/time><\/a><\/div><p class=\"short-description\">Thermal fogging is a droplet micronization system, by means of thermo-pneumatic\nspraying, also known as an ultra-low volume application technique. <\/p><a href=\"https:\/\/www.oqs-ec.com\/en\/2022\/06\/04\/post001\/\" target=\"\" aria-label=\"Read more about TERMONEBULIZACI\u00d3N\" class=\"box-button elementor-button elementor-size-sm\">Read more<\/a>\t\t\t\t\t\t\t\t<\/div>\n\t\t\t\t\t\t\t<\/div>\n\t\t\t\t\t\t<\/article>\n\t\t\t\t\t<\/div>\t\t\t\t\t\t\t\t<\/div>\n\t\t<\/div>\t\t<\/div>\n\t\t\t\t<\/div>\n\t\t\t\t\t<\/div>\n\t\t<\/div>\n\t\t\t\t\t<\/div>\n\t\t<\/section>\n\t\t\t\t<\/div>","protected":false},"excerpt":{"rendered":"<p>TERMONEBULIZACI\u00d3N junio 4, 2022 La termonebulizaci\u00f3n es un sistema de micronizaci\u00f3n de gotas, mediante pulverizaci\u00f3n termo neum\u00e1tica, conocida tambi\u00e9n como una t\u00e9cnica de aplicaci\u00f3n de ultra bajo volumen. Leer m\u00e1s Main business consulting trends 21\/22 febrero 25, 2020 Dolor sit amet, consectetur adipiscing elit. Ut elit tellus, luctus nec ullamcorper mattis, pulvinar dapibus leo. Leer&hellip;<\/p>","protected":false},"author":1,"featured_media":713,"parent":0,"menu_order":25,"comment_status":"closed","ping_status":"closed","template":"","meta":{"footnotes":""},"class_list":["post-1646","page","type-page","status-publish","has-post-thumbnail","hentry"],"_links":{"self":[{"href":"https:\/\/www.oqs-ec.com\/en\/wp-json\/wp\/v2\/pages\/1646"}],"collection":[{"href":"https:\/\/www.oqs-ec.com\/en\/wp-json\/wp\/v2\/pages"}],"about":[{"href":"https:\/\/www.oqs-ec.com\/en\/wp-json\/wp\/v2\/types\/page"}],"author":[{"embeddable":true,"href":"https:\/\/www.oqs-ec.com\/en\/wp-json\/wp\/v2\/users\/1"}],"replies":[{"embeddable":true,"href":"https:\/\/www.oqs-ec.com\/en\/wp-json\/wp\/v2\/comments?post=1646"}],"version-history":[{"count":5,"href":"https:\/\/www.oqs-ec.com\/en\/wp-json\/wp\/v2\/pages\/1646\/revisions"}],"predecessor-version":[{"id":4725,"href":"https:\/\/www.oqs-ec.com\/en\/wp-json\/wp\/v2\/pages\/1646\/revisions\/4725"}],"wp:featuredmedia":[{"embeddable":true,"href":"https:\/\/www.oqs-ec.com\/en\/wp-json\/wp\/v2\/media\/713"}],"wp:attachment":[{"href":"https:\/\/www.oqs-ec.com\/en\/wp-json\/wp\/v2\/media?parent=1646"}],"curies":[{"name":"wp","href":"https:\/\/api.w.org\/{rel}","templated":true}]}}