{"id":4284,"date":"2022-05-12T20:39:01","date_gmt":"2022-05-12T20:39:01","guid":{"rendered":"https:\/\/www.oqs-ec.com\/?page_id=4284"},"modified":"2022-07-26T21:13:18","modified_gmt":"2022-07-26T21:13:18","slug":"consultoria","status":"publish","type":"page","link":"https:\/\/www.oqs-ec.com\/en\/consultoria\/","title":{"rendered":"CONSULTANCY"},"content":{"rendered":"<div data-elementor-type=\"wp-page\" data-elementor-id=\"4284\" class=\"elementor elementor-4284\" data-elementor-post-type=\"page\">\n\t\t\t\t\t\t<section class=\"elementor-section elementor-top-section elementor-element elementor-element-1d98f5c elementor-section-stretched elementor-section-content-middle elementor-section-boxed elementor-section-height-default elementor-section-height-default\" data-id=\"1d98f5c\" data-element_type=\"section\" data-settings=\"{&quot;stretch_section&quot;:&quot;section-stretched&quot;}\">\n\t\t\t\t\t\t<div class=\"elementor-container elementor-column-gap-wider\">\n\t\t\t\t\t<div class=\"elementor-column elementor-col-50 elementor-top-column elementor-element elementor-element-7eade21\" data-id=\"7eade21\" data-element_type=\"column\">\n\t\t\t<div class=\"elementor-widget-wrap elementor-element-populated\">\n\t\t\t\t\t\t<section class=\"elementor-section elementor-inner-section elementor-element elementor-element-ab78339 elementor-section-boxed elementor-section-height-default elementor-section-height-default\" data-id=\"ab78339\" data-element_type=\"section\">\n\t\t\t\t\t\t<div class=\"elementor-container elementor-column-gap-wider\">\n\t\t\t\t\t<div class=\"elementor-column elementor-col-100 elementor-inner-column elementor-element elementor-element-a3214ee\" data-id=\"a3214ee\" data-element_type=\"column\">\n\t\t\t<div class=\"elementor-widget-wrap elementor-element-populated\">\n\t\t\t\t\t\t<div class=\"elementor-element elementor-element-5f87116 elementor-widget elementor-widget-spacer\" data-id=\"5f87116\" data-element_type=\"widget\" data-widget_type=\"spacer.default\">\n\t\t\t\t<div class=\"elementor-widget-container\">\n\t\t\t\t\t<div class=\"elementor-spacer\">\n\t\t\t<div class=\"elementor-spacer-inner\"><\/div>\n\t\t<\/div>\n\t\t\t\t<\/div>\n\t\t\t\t<\/div>\n\t\t\t\t<div class=\"elementor-element elementor-element-58d8029 elementor-widget elementor-widget-heading\" data-id=\"58d8029\" data-element_type=\"widget\" data-widget_type=\"heading.default\">\n\t\t\t\t<div class=\"elementor-widget-container\">\n\t\t\t<h4 class=\"elementor-heading-title elementor-size-default\">CONSULTANCY <\/h4>\t\t<\/div>\n\t\t\t\t<\/div>\n\t\t\t\t<div class=\"elementor-element elementor-element-c7d71bb elementor-widget elementor-widget-heading\" data-id=\"c7d71bb\" data-element_type=\"widget\" data-widget_type=\"heading.default\">\n\t\t\t\t<div class=\"elementor-widget-container\">\n\t\t\t<h4 class=\"elementor-heading-title elementor-size-default\">PRODUCTION UNITS IN ECUADOR<\/h4>\t\t<\/div>\n\t\t\t\t<\/div>\n\t\t\t\t<div class=\"elementor-element elementor-element-d48d71a elementor-widget elementor-widget-spacer\" data-id=\"d48d71a\" data-element_type=\"widget\" data-widget_type=\"spacer.default\">\n\t\t\t\t<div class=\"elementor-widget-container\">\n\t\t\t\t\t<div class=\"elementor-spacer\">\n\t\t\t<div class=\"elementor-spacer-inner\"><\/div>\n\t\t<\/div>\n\t\t\t\t<\/div>\n\t\t\t\t<\/div>\n\t\t\t\t<div class=\"elementor-element elementor-element-747bc5f elementor-widget elementor-widget-text-editor\" data-id=\"747bc5f\" data-element_type=\"widget\" data-widget_type=\"text-editor.default\">\n\t\t\t\t<div class=\"elementor-widget-container\">\n\t\t\t\t\t\t\t<ul><li>Consultancy in post-harvest processes for roses, summer flowers and bouquets.<\/li><li>Management of packaging costs, supplies, staff efficiency with times and movements.<\/li><li>Post-harvest design and technification.<\/li><li>Consulting in dyeing rooms.<\/li><\/ul>\t\t\t\t\t\t<\/div>\n\t\t\t\t<\/div>\n\t\t\t\t\t<\/div>\n\t\t<\/div>\n\t\t\t\t\t<\/div>\n\t\t<\/section>\n\t\t\t\t<div class=\"elementor-element elementor-element-ec81da8 elementor-align-center elementor-widget elementor-widget-the7_button_widget\" data-id=\"ec81da8\" data-element_type=\"widget\" data-widget_type=\"the7_button_widget.default\">\n\t\t\t\t<div class=\"elementor-widget-container\">\n\t\t\t<div class=\"elementor-button-wrapper\"><a href=\"https:\/\/www.oqs-ec.com\/en\/servicios\/\" class=\"box-button elementor-button elementor-size-lg\">Back<\/a><\/div>\t\t<\/div>\n\t\t\t\t<\/div>\n\t\t\t\t\t<\/div>\n\t\t<\/div>\n\t\t\t\t<div class=\"elementor-column elementor-col-50 elementor-top-column elementor-element elementor-element-cb10ebb\" data-id=\"cb10ebb\" data-element_type=\"column\">\n\t\t\t<div class=\"elementor-widget-wrap elementor-element-populated\">\n\t\t\t\t\t\t<div class=\"elementor-element elementor-element-ee74ff2 elementor-widget__width-auto elementor-widget elementor-widget-image\" data-id=\"ee74ff2\" data-element_type=\"widget\" data-widget_type=\"image.default\">\n\t\t\t\t<div class=\"elementor-widget-container\">\n\t\t\t\t\t\t\t\t\t\t\t\t\t<img decoding=\"async\" src=\"https:\/\/www.oqs-ec.com\/wp-content\/uploads\/elementor\/thumbs\/C1-2-psar0ofsd78ml0qisfvhkns88itr1rs4za8mouohew.jpg\" title=\"C1-2\" alt=\"C1-2\" loading=\"lazy\" \/>\t\t\t\t\t\t\t\t\t\t\t\t\t<\/div>\n\t\t\t\t<\/div>\n\t\t\t\t<div class=\"elementor-element elementor-element-193a5e7 elementor-widget__width-auto elementor-widget elementor-widget-image\" data-id=\"193a5e7\" data-element_type=\"widget\" data-widget_type=\"image.default\">\n\t\t\t\t<div class=\"elementor-widget-container\">\n\t\t\t\t\t\t\t\t\t\t\t\t\t<img decoding=\"async\" src=\"https:\/\/www.oqs-ec.com\/wp-content\/uploads\/elementor\/thumbs\/Banner-footer-pqf17r81275htgdfxsrwxbnnpr8rno02n1p9z4oap4.jpg\" title=\"Banner-footer\" alt=\"Banner-footer\" loading=\"lazy\" \/>\t\t\t\t\t\t\t\t\t\t\t\t\t<\/div>\n\t\t\t\t<\/div>\n\t\t\t\t\t<\/div>\n\t\t<\/div>\n\t\t\t\t\t<\/div>\n\t\t<\/section>\n\t\t\t\t<\/div>","protected":false},"excerpt":{"rendered":"<p>CONSULTOR\u00cdA UNIDADES DE PRODUCCI\u00d3N EN ECUADOR Consultor\u00eda en procesos para postcosechas de rosas, flores de verano y bouquets. Manejo de costos de empaque, insumos, eficiencia de personal con tiempos y movimientos. Dise\u00f1o y tecnificaci\u00f3n de postcosechas. Consultor\u00edas en salas de tinturado. Regresar<\/p>","protected":false},"author":1,"featured_media":716,"parent":0,"menu_order":15,"comment_status":"closed","ping_status":"closed","template":"","meta":{"footnotes":""},"class_list":["post-4284","page","type-page","status-publish","has-post-thumbnail","hentry"],"_links":{"self":[{"href":"https:\/\/www.oqs-ec.com\/en\/wp-json\/wp\/v2\/pages\/4284"}],"collection":[{"href":"https:\/\/www.oqs-ec.com\/en\/wp-json\/wp\/v2\/pages"}],"about":[{"href":"https:\/\/www.oqs-ec.com\/en\/wp-json\/wp\/v2\/types\/page"}],"author":[{"embeddable":true,"href":"https:\/\/www.oqs-ec.com\/en\/wp-json\/wp\/v2\/users\/1"}],"replies":[{"embeddable":true,"href":"https:\/\/www.oqs-ec.com\/en\/wp-json\/wp\/v2\/comments?post=4284"}],"version-history":[{"count":25,"href":"https:\/\/www.oqs-ec.com\/en\/wp-json\/wp\/v2\/pages\/4284\/revisions"}],"predecessor-version":[{"id":5054,"href":"https:\/\/www.oqs-ec.com\/en\/wp-json\/wp\/v2\/pages\/4284\/revisions\/5054"}],"wp:featuredmedia":[{"embeddable":true,"href":"https:\/\/www.oqs-ec.com\/en\/wp-json\/wp\/v2\/media\/716"}],"wp:attachment":[{"href":"https:\/\/www.oqs-ec.com\/en\/wp-json\/wp\/v2\/media?parent=4284"}],"curies":[{"name":"wp","href":"https:\/\/api.w.org\/{rel}","templated":true}]}}