{"id":4334,"date":"2022-05-12T21:27:30","date_gmt":"2022-05-12T21:27:30","guid":{"rendered":"https:\/\/www.oqs-ec.com\/?page_id=4334"},"modified":"2022-07-26T20:44:58","modified_gmt":"2022-07-26T20:44:58","slug":"estudios-tecnicos","status":"publish","type":"page","link":"https:\/\/www.oqs-ec.com\/en\/estudios-tecnicos\/","title":{"rendered":"TECHNICAL STUDIES"},"content":{"rendered":"<div data-elementor-type=\"wp-page\" data-elementor-id=\"4334\" class=\"elementor elementor-4334\" data-elementor-post-type=\"page\">\n\t\t\t\t\t\t<section class=\"elementor-section elementor-top-section elementor-element elementor-element-1d98f5c elementor-section-stretched elementor-section-content-middle elementor-section-boxed elementor-section-height-default elementor-section-height-default\" data-id=\"1d98f5c\" data-element_type=\"section\" data-settings=\"{&quot;stretch_section&quot;:&quot;section-stretched&quot;}\">\n\t\t\t\t\t\t<div class=\"elementor-container elementor-column-gap-wider\">\n\t\t\t\t\t<div class=\"elementor-column elementor-col-50 elementor-top-column elementor-element elementor-element-7eade21\" data-id=\"7eade21\" data-element_type=\"column\">\n\t\t\t<div class=\"elementor-widget-wrap elementor-element-populated\">\n\t\t\t\t\t\t<section class=\"elementor-section elementor-inner-section elementor-element elementor-element-ab78339 elementor-section-boxed elementor-section-height-default elementor-section-height-default\" data-id=\"ab78339\" data-element_type=\"section\">\n\t\t\t\t\t\t<div class=\"elementor-container elementor-column-gap-wider\">\n\t\t\t\t\t<div class=\"elementor-column elementor-col-100 elementor-inner-column elementor-element elementor-element-a3214ee\" data-id=\"a3214ee\" data-element_type=\"column\">\n\t\t\t<div class=\"elementor-widget-wrap elementor-element-populated\">\n\t\t\t\t\t\t<div class=\"elementor-element elementor-element-5f87116 elementor-widget elementor-widget-spacer\" data-id=\"5f87116\" data-element_type=\"widget\" data-widget_type=\"spacer.default\">\n\t\t\t\t<div class=\"elementor-widget-container\">\n\t\t\t\t\t<div class=\"elementor-spacer\">\n\t\t\t<div class=\"elementor-spacer-inner\"><\/div>\n\t\t<\/div>\n\t\t\t\t<\/div>\n\t\t\t\t<\/div>\n\t\t\t\t<div class=\"elementor-element elementor-element-58d8029 elementor-widget elementor-widget-heading\" data-id=\"58d8029\" data-element_type=\"widget\" data-widget_type=\"heading.default\">\n\t\t\t\t<div class=\"elementor-widget-container\">\n\t\t\t<h4 class=\"elementor-heading-title elementor-size-default\">TECHNICAL STUDIES<\/h4>\t\t<\/div>\n\t\t\t\t<\/div>\n\t\t\t\t<div class=\"elementor-element elementor-element-d48d71a elementor-widget elementor-widget-spacer\" data-id=\"d48d71a\" data-element_type=\"widget\" data-widget_type=\"spacer.default\">\n\t\t\t\t<div class=\"elementor-widget-container\">\n\t\t\t\t\t<div class=\"elementor-spacer\">\n\t\t\t<div class=\"elementor-spacer-inner\"><\/div>\n\t\t<\/div>\n\t\t\t\t<\/div>\n\t\t\t\t<\/div>\n\t\t\t\t<div class=\"elementor-element elementor-element-747bc5f elementor-widget elementor-widget-text-editor\" data-id=\"747bc5f\" data-element_type=\"widget\" data-widget_type=\"text-editor.default\">\n\t\t\t\t<div class=\"elementor-widget-container\">\n\t\t\t\t\t\t\t<ul><li>Technical studies of floral life and behavior of varieties with real shipments to\nthe Netherlands where our laboratory is located.<\/li><li>Technical evaluations of agrochemical products used in post-harvest rooms.<\/li><li>Cold chain studies<\/li><\/ul>\t\t\t\t\t\t<\/div>\n\t\t\t\t<\/div>\n\t\t\t\t\t<\/div>\n\t\t<\/div>\n\t\t\t\t\t<\/div>\n\t\t<\/section>\n\t\t\t\t<div class=\"elementor-element elementor-element-ec81da8 elementor-align-center elementor-widget elementor-widget-the7_button_widget\" data-id=\"ec81da8\" data-element_type=\"widget\" data-widget_type=\"the7_button_widget.default\">\n\t\t\t\t<div class=\"elementor-widget-container\">\n\t\t\t<div class=\"elementor-button-wrapper\"><a href=\"https:\/\/www.oqs-ec.com\/en\/servicios\/\" class=\"box-button elementor-button elementor-size-lg\">Back<\/a><\/div>\t\t<\/div>\n\t\t\t\t<\/div>\n\t\t\t\t\t<\/div>\n\t\t<\/div>\n\t\t\t\t<div class=\"elementor-column elementor-col-50 elementor-top-column elementor-element elementor-element-cb10ebb\" data-id=\"cb10ebb\" data-element_type=\"column\">\n\t\t\t<div class=\"elementor-widget-wrap elementor-element-populated\">\n\t\t\t\t\t\t<div class=\"elementor-element elementor-element-ee74ff2 elementor-widget__width-auto elementor-widget elementor-widget-image\" data-id=\"ee74ff2\" data-element_type=\"widget\" data-widget_type=\"image.default\">\n\t\t\t\t<div class=\"elementor-widget-container\">\n\t\t\t\t\t\t\t\t\t\t\t\t\t<img decoding=\"async\" src=\"https:\/\/www.oqs-ec.com\/wp-content\/uploads\/elementor\/thumbs\/banner-16-pqewtpmxy0svprxvszf56pek0g80frkt8sv8390aw8.jpg\" title=\"banner-16\" alt=\"banner-16\" loading=\"lazy\" \/>\t\t\t\t\t\t\t\t\t\t\t\t\t<\/div>\n\t\t\t\t<\/div>\n\t\t\t\t<div class=\"elementor-element elementor-element-193a5e7 elementor-widget__width-auto elementor-widget elementor-widget-image\" data-id=\"193a5e7\" data-element_type=\"widget\" data-widget_type=\"image.default\">\n\t\t\t\t<div class=\"elementor-widget-container\">\n\t\t\t\t\t\t\t\t\t\t\t\t\t<img decoding=\"async\" src=\"https:\/\/www.oqs-ec.com\/wp-content\/uploads\/elementor\/thumbs\/banner-17-pqewtop3r6rle5z8yh0im7n3f2cn82h2wo7qlz1p2g.jpg\" title=\"banner-17\" alt=\"banner-17\" loading=\"lazy\" \/>\t\t\t\t\t\t\t\t\t\t\t\t\t<\/div>\n\t\t\t\t<\/div>\n\t\t\t\t\t<\/div>\n\t\t<\/div>\n\t\t\t\t\t<\/div>\n\t\t<\/section>\n\t\t\t\t<\/div>","protected":false},"excerpt":{"rendered":"<p>ESTUDIOS T\u00c9CNICOS Estudios t\u00e9cnicos de vida floral y comportamiento de variedades con env\u00edos reales hacia Holanda donde se encuentra nuestro laboratorio. Evaluaciones t\u00e9cnicas de insumos usados en salas de postcosecha. Estudios de cadena de fr\u00edo. Regresar<\/p>","protected":false},"author":1,"featured_media":716,"parent":0,"menu_order":15,"comment_status":"closed","ping_status":"closed","template":"","meta":{"footnotes":""},"class_list":["post-4334","page","type-page","status-publish","has-post-thumbnail","hentry"],"_links":{"self":[{"href":"https:\/\/www.oqs-ec.com\/en\/wp-json\/wp\/v2\/pages\/4334"}],"collection":[{"href":"https:\/\/www.oqs-ec.com\/en\/wp-json\/wp\/v2\/pages"}],"about":[{"href":"https:\/\/www.oqs-ec.com\/en\/wp-json\/wp\/v2\/types\/page"}],"author":[{"embeddable":true,"href":"https:\/\/www.oqs-ec.com\/en\/wp-json\/wp\/v2\/users\/1"}],"replies":[{"embeddable":true,"href":"https:\/\/www.oqs-ec.com\/en\/wp-json\/wp\/v2\/comments?post=4334"}],"version-history":[{"count":25,"href":"https:\/\/www.oqs-ec.com\/en\/wp-json\/wp\/v2\/pages\/4334\/revisions"}],"predecessor-version":[{"id":5008,"href":"https:\/\/www.oqs-ec.com\/en\/wp-json\/wp\/v2\/pages\/4334\/revisions\/5008"}],"wp:featuredmedia":[{"embeddable":true,"href":"https:\/\/www.oqs-ec.com\/en\/wp-json\/wp\/v2\/media\/716"}],"wp:attachment":[{"href":"https:\/\/www.oqs-ec.com\/en\/wp-json\/wp\/v2\/media?parent=4334"}],"curies":[{"name":"wp","href":"https:\/\/api.w.org\/{rel}","templated":true}]}}